{"id":335,"date":"2025-09-26T18:53:55","date_gmt":"2025-09-26T18:53:55","guid":{"rendered":"https:\/\/www.geologicai.com\/fr\/?page_id=335"},"modified":"2025-10-07T16:08:08","modified_gmt":"2025-10-07T16:08:08","slug":"rxs","status":"publish","type":"page","link":"https:\/\/www.geologicai.com\/fr\/rxs\/","title":{"rendered":"Resource Exploration Strategies"},"content":{"rendered":"","protected":false},"excerpt":{"rendered":"","protected":false},"author":1,"featured_media":0,"parent":0,"menu_order":0,"comment_status":"closed","ping_status":"closed","template":"template-pagebuilder.php","meta":{"_acf_changed":false,"footnotes":""},"class_list":["post-335","page","type-page","status-publish","hentry"],"acf":[],"yoast_head":"<!-- This site is optimized with the Yoast SEO plugin v27.4 - https:\/\/yoast.com\/product\/yoast-seo-wordpress\/ -->\n<title>Strat\u00e9gies d&#039;Exploration de Ressources (RXS) - GeologicAI<\/title>\n<meta name=\"description\" content=\"Soutenir les d\u00e9cisions n\u00e9cessaires pour r\u00e9duire le risque de d\u00e9couverte et acc\u00e9l\u00e9rer le d\u00e9veloppement de projets d&#039;exploration.\" \/>\n<meta name=\"robots\" content=\"index, follow, max-snippet:-1, max-image-preview:large, max-video-preview:-1\" \/>\n<link rel=\"canonical\" href=\"https:\/\/www.geologicai.com\/fr\/rxs\/\" \/>\n<meta property=\"og:locale\" content=\"fr_FR\" \/>\n<meta property=\"og:type\" content=\"article\" \/>\n<meta property=\"og:title\" content=\"Strat\u00e9gies d&#039;Exploration de Ressources (RXS) - GeologicAI\" \/>\n<meta property=\"og:description\" content=\"Soutenir les d\u00e9cisions n\u00e9cessaires pour r\u00e9duire le risque de d\u00e9couverte et acc\u00e9l\u00e9rer le d\u00e9veloppement de projets d&#039;exploration.\" \/>\n<meta property=\"og:url\" content=\"https:\/\/www.geologicai.com\/fr\/rxs\/\" \/>\n<meta property=\"og:site_name\" content=\"GeologicAI\" \/>\n<meta property=\"article:modified_time\" content=\"2025-10-07T16:08:08+00:00\" \/>\n<meta name=\"twitter:card\" content=\"summary_large_image\" \/>\n<script type=\"application\/ld+json\" class=\"yoast-schema-graph\">{\"@context\":\"https:\\\/\\\/schema.org\",\"@graph\":[{\"@type\":\"WebPage\",\"@id\":\"https:\\\/\\\/www.geologicai.com\\\/fr\\\/rxs\\\/\",\"url\":\"https:\\\/\\\/www.geologicai.com\\\/fr\\\/rxs\\\/\",\"name\":\"Strat\u00e9gies d'Exploration de Ressources (RXS) - GeologicAI\",\"isPartOf\":{\"@id\":\"https:\\\/\\\/geologicai-75b21acc6c-feh0cwdwc2f5hzba.a01.azurefd.net\\\/fr\\\/#website\"},\"datePublished\":\"2025-09-26T18:53:55+00:00\",\"dateModified\":\"2025-10-07T16:08:08+00:00\",\"description\":\"Soutenir les d\u00e9cisions n\u00e9cessaires pour r\u00e9duire le risque de d\u00e9couverte et acc\u00e9l\u00e9rer le d\u00e9veloppement de projets d'exploration.\",\"breadcrumb\":{\"@id\":\"https:\\\/\\\/www.geologicai.com\\\/fr\\\/rxs\\\/#breadcrumb\"},\"inLanguage\":\"fr-FR\",\"potentialAction\":[{\"@type\":\"ReadAction\",\"target\":[\"https:\\\/\\\/www.geologicai.com\\\/fr\\\/rxs\\\/\"]}]},{\"@type\":\"BreadcrumbList\",\"@id\":\"https:\\\/\\\/www.geologicai.com\\\/fr\\\/rxs\\\/#breadcrumb\",\"itemListElement\":[{\"@type\":\"ListItem\",\"position\":1,\"name\":\"Home\",\"item\":\"https:\\\/\\\/www.geologicai.com\\\/fr\\\/\"},{\"@type\":\"ListItem\",\"position\":2,\"name\":\"Resource Exploration Strategies\"}]},{\"@type\":\"WebSite\",\"@id\":\"https:\\\/\\\/geologicai-75b21acc6c-feh0cwdwc2f5hzba.a01.azurefd.net\\\/fr\\\/#website\",\"url\":\"https:\\\/\\\/geologicai-75b21acc6c-feh0cwdwc2f5hzba.a01.azurefd.net\\\/fr\\\/\",\"name\":\"GeologicAI\",\"description\":\"Meilleures d\u00e9cisions en mati\u00e8re de ressources, plus rapidement\",\"potentialAction\":[{\"@type\":\"SearchAction\",\"target\":{\"@type\":\"EntryPoint\",\"urlTemplate\":\"https:\\\/\\\/geologicai-75b21acc6c-feh0cwdwc2f5hzba.a01.azurefd.net\\\/fr\\\/?s={search_term_string}\"},\"query-input\":{\"@type\":\"PropertyValueSpecification\",\"valueRequired\":true,\"valueName\":\"search_term_string\"}}],\"inLanguage\":\"fr-FR\"}]}<\/script>\n<!-- \/ Yoast SEO plugin. -->","yoast_head_json":{"title":"Strat\u00e9gies d'Exploration de Ressources (RXS) - GeologicAI","description":"Soutenir les d\u00e9cisions n\u00e9cessaires pour r\u00e9duire le risque de d\u00e9couverte et acc\u00e9l\u00e9rer le d\u00e9veloppement de projets d'exploration.","robots":{"index":"index","follow":"follow","max-snippet":"max-snippet:-1","max-image-preview":"max-image-preview:large","max-video-preview":"max-video-preview:-1"},"canonical":"https:\/\/www.geologicai.com\/fr\/rxs\/","og_locale":"fr_FR","og_type":"article","og_title":"Strat\u00e9gies d'Exploration de Ressources (RXS) - GeologicAI","og_description":"Soutenir les d\u00e9cisions n\u00e9cessaires pour r\u00e9duire le risque de d\u00e9couverte et acc\u00e9l\u00e9rer le d\u00e9veloppement de projets d'exploration.","og_url":"https:\/\/www.geologicai.com\/fr\/rxs\/","og_site_name":"GeologicAI","article_modified_time":"2025-10-07T16:08:08+00:00","twitter_card":"summary_large_image","schema":{"@context":"https:\/\/schema.org","@graph":[{"@type":"WebPage","@id":"https:\/\/www.geologicai.com\/fr\/rxs\/","url":"https:\/\/www.geologicai.com\/fr\/rxs\/","name":"Strat\u00e9gies d'Exploration de Ressources (RXS) - GeologicAI","isPartOf":{"@id":"https:\/\/geologicai-75b21acc6c-feh0cwdwc2f5hzba.a01.azurefd.net\/fr\/#website"},"datePublished":"2025-09-26T18:53:55+00:00","dateModified":"2025-10-07T16:08:08+00:00","description":"Soutenir les d\u00e9cisions n\u00e9cessaires pour r\u00e9duire le risque de d\u00e9couverte et acc\u00e9l\u00e9rer le d\u00e9veloppement de projets d'exploration.","breadcrumb":{"@id":"https:\/\/www.geologicai.com\/fr\/rxs\/#breadcrumb"},"inLanguage":"fr-FR","potentialAction":[{"@type":"ReadAction","target":["https:\/\/www.geologicai.com\/fr\/rxs\/"]}]},{"@type":"BreadcrumbList","@id":"https:\/\/www.geologicai.com\/fr\/rxs\/#breadcrumb","itemListElement":[{"@type":"ListItem","position":1,"name":"Home","item":"https:\/\/www.geologicai.com\/fr\/"},{"@type":"ListItem","position":2,"name":"Resource Exploration Strategies"}]},{"@type":"WebSite","@id":"https:\/\/geologicai-75b21acc6c-feh0cwdwc2f5hzba.a01.azurefd.net\/fr\/#website","url":"https:\/\/geologicai-75b21acc6c-feh0cwdwc2f5hzba.a01.azurefd.net\/fr\/","name":"GeologicAI","description":"Meilleures d\u00e9cisions en mati\u00e8re de ressources, plus rapidement","potentialAction":[{"@type":"SearchAction","target":{"@type":"EntryPoint","urlTemplate":"https:\/\/geologicai-75b21acc6c-feh0cwdwc2f5hzba.a01.azurefd.net\/fr\/?s={search_term_string}"},"query-input":{"@type":"PropertyValueSpecification","valueRequired":true,"valueName":"search_term_string"}}],"inLanguage":"fr-FR"}]}},"_links":{"self":[{"href":"https:\/\/www.geologicai.com\/fr\/wp-json\/wp\/v2\/pages\/335","targetHints":{"allow":["GET"]}}],"collection":[{"href":"https:\/\/www.geologicai.com\/fr\/wp-json\/wp\/v2\/pages"}],"about":[{"href":"https:\/\/www.geologicai.com\/fr\/wp-json\/wp\/v2\/types\/page"}],"author":[{"embeddable":true,"href":"https:\/\/www.geologicai.com\/fr\/wp-json\/wp\/v2\/users\/1"}],"replies":[{"embeddable":true,"href":"https:\/\/www.geologicai.com\/fr\/wp-json\/wp\/v2\/comments?post=335"}],"version-history":[{"count":5,"href":"https:\/\/www.geologicai.com\/fr\/wp-json\/wp\/v2\/pages\/335\/revisions"}],"predecessor-version":[{"id":346,"href":"https:\/\/www.geologicai.com\/fr\/wp-json\/wp\/v2\/pages\/335\/revisions\/346"}],"wp:attachment":[{"href":"https:\/\/www.geologicai.com\/fr\/wp-json\/wp\/v2\/media?parent=335"}],"curies":[{"name":"wp","href":"https:\/\/api.w.org\/{rel}","templated":true}]}}